{"id":6981,"date":"2016-02-23T10:49:12","date_gmt":"2016-02-23T10:49:12","guid":{"rendered":"http:\/\/democontent.codex-themes.com\/thegem-logistics\/?page_id=6981"},"modified":"2021-10-21T15:54:54","modified_gmt":"2021-10-21T15:54:54","slug":"about-us","status":"publish","type":"page","link":"https:\/\/lta.com.mx\/?page_id=6981","title":{"rendered":"Empresa"},"content":{"rendered":"<div class=\"wpb-content-wrapper\"><div class=\"vc_row-full-width-before\"><\/div><div id=\"vc_row-69e320a22805e\" data-vc-full-width=\"true\" data-vc-full-width-init=\"false\" data-vc-stretch-content=\"true\" class=\"vc_row wpb_row vc_row-fluid vc_custom_1456226492361 thegem-custom-69e320a2280451410 vc_row-no-padding vc_row-o-equal-height vc_row-flex\"><script type=\"text\/javascript\">if (typeof(gem_fix_fullwidth_position) == \"function\") { gem_fix_fullwidth_position(document.getElementById(\"vc_row-69e320a22805e\")); }<\/script><div class=\"wpb_column vc_column_container vc_col-sm-12 vc_col-lg-6 vc_col-md-6 thegem-custom-69e320a2282c64202 vc_col-has-fill\" ><div class=\"vc_column-inner thegem-custom-inner-69e320a2282c7 vc_custom_1590599756885\"><div class=\"wpb_wrapper thegem-custom-69e320a2282c64202\"><\/div><\/div><\/div><div class=\"wpb_column vc_column_container vc_col-sm-12 vc_col-lg-6 vc_col-md-6 thegem-custom-69e320a22856c4326 vc_col-has-fill\" ><div class=\"vc_column-inner thegem-custom-inner-69e320a22856f vc_custom_1590599988927\"><div class=\"wpb_wrapper thegem-custom-69e320a22856c4326\"><div class=\"clearboth\"><\/div><style>#thegem-divider-69e320a22862c {margin-top: 107px !important;}<\/style><div id=\"thegem-divider-69e320a22862c\" class=\"gem-divider  \" style=\"\" ><\/div>\r\n\t\r\n\t\t<div class=\"wpb_text_column wpb_content_element  thegem-vc-text thegem-custom-69e320a2287225856\"  >\r\n\t\t\t<div class=\"wpb_wrapper\">\r\n\t\t\t\t<div class=\"title-h2\" style=\"text-align: center;\">\n<p><span style=\"color: #ffb91e;\"><b>\u00bfQU\u00c9 OFRECEMOS?<\/b><\/span><\/p>\n<\/div>\n\r\n\t\t\t<\/div>\r\n\t\t\t<style>@media screen and (max-width: 1023px) {.thegem-vc-text.thegem-custom-69e320a2287225856{display: block!important;}}@media screen and (max-width: 767px) {.thegem-vc-text.thegem-custom-69e320a2287225856{display: block!important;}}@media screen and (max-width: 1023px) {.thegem-vc-text.thegem-custom-69e320a2287225856{position: relative !important;}}@media screen and (max-width: 767px) {.thegem-vc-text.thegem-custom-69e320a2287225856{position: relative !important;}}<\/style>\r\n\t\t<\/div>\r\n\t\r\n<div class=\"clearboth\"><\/div><style>#thegem-divider-69e320a2287dd {margin-top: 30px !important;}<\/style><div id=\"thegem-divider-69e320a2287dd\" class=\"gem-divider  \" style=\"\" ><\/div>\r\n\t\r\n\t\t<div class=\"wpb_text_column wpb_content_element  ptext thegem-vc-text thegem-custom-69e320a22883b2111\"  >\r\n\t\t\t<div class=\"wpb_wrapper\">\r\n\t\t\t\t<p><span style=\"color: #ffffff;\">Brindamos servicios integrales orientados a las necesidades de nuestros cliente,<\/span><\/p>\n<ul>\n<li><span style=\"color: #ffffff;\">Automatizaci\u00f3n y puesta en marcha de l\u00edneas productivas<\/span><\/li>\n<li><span style=\"color: #ffffff;\">Consultor\u00eda y optimizaci\u00f3n de soldadura por resistencia<\/span><\/li>\n<li><span style=\"color: #ffffff;\">Desarrollo de software para la industria automotriz<\/span><\/li>\n<li><span style=\"color: #ffffff;\">Desarrollo de soluciones bajo el concepto de Industria 4.0<\/span><\/li>\n<li><span style=\"color: #ffffff;\">Capacitaci\u00f3n y entrenamiento<\/span><\/li>\n<\/ul>\n\r\n\t\t\t<\/div>\r\n\t\t\t<style>@media screen and (max-width: 1023px) {.thegem-vc-text.thegem-custom-69e320a22883b2111{display: block!important;}}@media screen and (max-width: 767px) {.thegem-vc-text.thegem-custom-69e320a22883b2111{display: block!important;}}@media screen and (max-width: 1023px) {.thegem-vc-text.thegem-custom-69e320a22883b2111{position: relative !important;}}@media screen and (max-width: 767px) {.thegem-vc-text.thegem-custom-69e320a22883b2111{position: relative !important;}}<\/style>\r\n\t\t<\/div>\r\n\t\r\n<div class=\"clearboth\"><\/div><style>#thegem-divider-69e320a2288cf {margin-top: 30px !important;}<\/style><div id=\"thegem-divider-69e320a2288cf\" class=\"gem-divider  \" style=\"\" ><\/div><div class=\"clearboth\"><\/div><style>#thegem-divider-69e320a2288e4 {margin-top: 103px !important;}<\/style><div id=\"thegem-divider-69e320a2288e4\" class=\"gem-divider  \" style=\"\" ><\/div><\/div><\/div><\/div><\/div><div class=\"vc_row-full-width vc_clearfix\"><\/div><div class=\"vc_row-full-width-before\"><\/div><div id=\"vc_row-69e320a228aa1\" data-vc-full-width=\"true\" data-vc-full-width-init=\"false\" data-vc-stretch-content=\"true\" class=\"vc_row wpb_row vc_row-fluid vc_custom_1456226551654 thegem-custom-69e320a228a9370 vc_row-no-padding vc_row-o-equal-height vc_row-flex\"><script type=\"text\/javascript\">if (typeof(gem_fix_fullwidth_position) == \"function\") { gem_fix_fullwidth_position(document.getElementById(\"vc_row-69e320a228aa1\")); }<\/script><div class=\"wpb_column vc_column_container vc_col-sm-12 vc_col-lg-6 vc_col-md-6 thegem-custom-69e320a228c197523 vc_col-has-fill\" ><div class=\"vc_column-inner thegem-custom-inner-69e320a228c1b vc_custom_1590600220892\"><div class=\"wpb_wrapper thegem-custom-69e320a228c197523\"><div class=\"clearboth\"><\/div><style>#thegem-divider-69e320a228ce6 {margin-top: 77px !important;}<\/style><div id=\"thegem-divider-69e320a228ce6\" class=\"gem-divider  \" style=\"\" ><\/div>\r\n\t\r\n\t\t<div class=\"wpb_text_column wpb_content_element  thegem-vc-text thegem-custom-69e320a228d694333\"  >\r\n\t\t\t<div class=\"wpb_wrapper\">\r\n\t\t\t\t<div class=\"title-h2\" style=\"text-align: center;\">\n<p><span style=\"color: #ff8214;\">NUESTRA RAZ\u00d3N\u00a0DE SER<\/span><\/p>\n<\/div>\n\r\n\t\t\t<\/div>\r\n\t\t\t<style>@media screen and (max-width: 1023px) {.thegem-vc-text.thegem-custom-69e320a228d694333{display: block!important;}}@media screen and (max-width: 767px) {.thegem-vc-text.thegem-custom-69e320a228d694333{display: block!important;}}@media screen and (max-width: 1023px) {.thegem-vc-text.thegem-custom-69e320a228d694333{position: relative !important;}}@media screen and (max-width: 767px) {.thegem-vc-text.thegem-custom-69e320a228d694333{position: relative !important;}}<\/style>\r\n\t\t<\/div>\r\n\t\r\n<div class=\"clearboth\"><\/div><style>#thegem-divider-69e320a228ddf {margin-top: 37px !important;}<\/style><div id=\"thegem-divider-69e320a228ddf\" class=\"gem-divider  \" style=\"\" ><\/div>\r\n\t\r\n\t\t<div class=\"wpb_text_column wpb_content_element  ptext thegem-vc-text thegem-custom-69e320a228e3a5679\"  >\r\n\t\t\t<div class=\"wpb_wrapper\">\r\n\t\t\t\t<p><span style=\"color: #ffffff;\"><b>MISI\u00d3N:<\/b><\/span><\/p>\n<p><span style=\"color: #ffffff;\">Somos un elemento clave en el \u00e9xito de nuestros clientes a trav\u00e9s del desarrollo e implementaci\u00f3n de metodolog\u00edas, capacitaci\u00f3n y tecnolog\u00edas de vanguardia.<\/span><\/p>\n<p><span style=\"color: #ffffff;\"><b>VISI\u00d3N:<\/b><\/span><\/p>\n<p><span style=\"color: #ffffff;\">Ser una empresa l\u00edder a nivel internacional en la oferta de servicios integrales y soluciones en el campo de la automatizaci\u00f3n, orientados a los sistemas de interconectividad y fabrica 4.0 de la industria automotriz y su cadena de valor, siempre comprometidos con el desarrollo de nuestro personal, el progreso de la comunidad y el entusiasmo de nuestros clientes, proveedores y accionista.<\/span><\/p>\n<p><span style=\"color: #ffffff;\"><b>NUESTROS VALORES:<\/b><\/span><\/p>\n\r\n\t\t\t<\/div>\r\n\t\t\t<style>@media screen and (max-width: 1023px) {.thegem-vc-text.thegem-custom-69e320a228e3a5679{display: block!important;}}@media screen and (max-width: 767px) {.thegem-vc-text.thegem-custom-69e320a228e3a5679{display: block!important;}}@media screen and (max-width: 1023px) {.thegem-vc-text.thegem-custom-69e320a228e3a5679{position: relative !important;}}@media screen and (max-width: 767px) {.thegem-vc-text.thegem-custom-69e320a228e3a5679{position: relative !important;}}<\/style>\r\n\t\t<\/div>\r\n\t\r\n<div class=\"clearboth\"><\/div><style>#thegem-divider-69e320a228ebb {margin-top: 20px !important;}<\/style><div id=\"thegem-divider-69e320a228ebb\" class=\"gem-divider  \" style=\"\" ><\/div><div class=\"vc_row wpb_row vc_inner vc_row-fluid thegem-custom-69e320a22909e2567 custom-inner-column-69e320a2290a9\" ><div class=\"wpb_column vc_column_container vc_col-sm-6 vc_col-lg-offset-1 vc_col-lg-5 vc_col-md-6 thegem-custom-69e320a22927f970\"><div class=\"vc_column-inner thegem-custom-inner-69e320a229280 vc_custom_1461328640952\"><div class=\"wpb_wrapper thegem-custom-69e320a22927f970\"><div class=\"gem-list gem-list-type-checkbox gem-list-color-3\" ><ul>\n<li><span style=\"color: #ffffff;\">Pasi\u00f3n<\/span><\/li>\n<li><span style=\"color: #ffffff;\">Honestidad<\/span><\/li>\n<li><span style=\"color: #ffffff;\">Compromiso<\/span><\/li>\n<\/ul>\n<\/div><\/div><\/div><\/div><div class=\"wpb_column vc_column_container vc_col-sm-6 vc_col-lg-5 vc_col-md-6 thegem-custom-69e320a2294228716\"><div class=\"vc_column-inner thegem-custom-inner-69e320a229423 vc_custom_1461328622471\"><div class=\"wpb_wrapper thegem-custom-69e320a2294228716\"><div class=\"gem-list gem-list-type-checkbox gem-list-color-3\" ><ul>\n<li><span style=\"color: #ffffff;\">Fiabilidad<\/span><\/li>\n<li><span style=\"color: #ffffff;\">Mejora Continua<\/span><\/li>\n<li><span style=\"color: #ffffff;\">Trabajo en Equipo<\/span><\/li>\n<\/ul>\n<\/div><\/div><\/div><\/div><\/div><div class=\"clearboth\"><\/div><style>#thegem-divider-69e320a22953c {margin-top: 95px !important;}<\/style><div id=\"thegem-divider-69e320a22953c\" class=\"gem-divider  \" style=\"\" ><\/div><\/div><\/div><\/div><div class=\"wpb_column vc_column_container vc_col-sm-12 vc_col-lg-6 vc_col-md-6 thegem-custom-69e320a2296391929 vc_col-has-fill\" ><div class=\"vc_column-inner thegem-custom-inner-69e320a22963b vc_custom_1590599796181\"><div class=\"wpb_wrapper thegem-custom-69e320a2296391929\"><\/div><\/div><\/div><\/div><div class=\"vc_row-full-width vc_clearfix\"><\/div><div id=\"vc_row-69e320a2297c3\" class=\"vc_row wpb_row vc_row-fluid thegem-custom-69e320a2297ba8263\"><div class=\"video_button wpb_column vc_column_container vc_col-sm-12 thegem-custom-69e320a2299178307\" ><div class=\"vc_column-inner thegem-custom-inner-69e320a229919 \"><div class=\"wpb_wrapper thegem-custom-69e320a2299178307\"><div id=\"fullwidth-block-69e320a229bdb\" class=\"fullwidth-block clearfix\"  style=\"\"><script type=\"text\/javascript\">if (typeof(gem_fix_fullwidth_position) == \"function\") { gem_fix_fullwidth_position(document.getElementById(\"fullwidth-block-69e320a229bdb\")); }<\/script><div class=\"gem-video-background\" data-aspect-ratio=\"16:9\"><div class=\"gem-video-background-inner\"><video id=\"thegem-video-frame-69e320a229ba81470\" autoplay=\"autoplay\" loop=\"loop\" src=\"https:\/\/lta.com.mx\/wp-content\/uploads\/2016\/04\/Working-it.mp4\" muted=\"muted\" poster=\"https:\/\/lta.com.mx\/wp-content\/uploads\/2016\/02\/about_us_img3-1.jpg\"><\/video><\/div><div class=\"gem-video-background-overlay\" style=\"background-color: #3c3950; opacity: 0;\"><\/div><\/div><div class=\"fullwidth-block-inner\"><div class=\"vc_empty_space\"   style=\"height: 220px\"><span class=\"vc_empty_space_inner\"><\/span><\/div>\r\n\t\r\n\t\t<div class=\"wpb_text_column wpb_content_element  thegem-vc-text thegem-custom-69e320a229da9252\"  >\r\n\t\t\t<div class=\"wpb_wrapper\">\r\n\t\t\t\t<div class=\"styled-subtitle\" style=\"text-align: center;\">\n<h5><span style=\"color: #ffffff;\">EL EQUIPO ADECUADO PARA TU PROYECTO<\/span><\/h5>\n<\/div>\n\r\n\t\t\t<\/div>\r\n\t\t\t<style>@media screen and (max-width: 1023px) {.thegem-vc-text.thegem-custom-69e320a229da9252{display: block!important;}}@media screen and (max-width: 767px) {.thegem-vc-text.thegem-custom-69e320a229da9252{display: block!important;}}@media screen and (max-width: 1023px) {.thegem-vc-text.thegem-custom-69e320a229da9252{position: relative !important;}}@media screen and (max-width: 767px) {.thegem-vc-text.thegem-custom-69e320a229da9252{position: relative !important;}}<\/style>\r\n\t\t<\/div>\r\n\t\r\n\r\n\t\r\n\t\t<div class=\"wpb_text_column wpb_content_element  thegem-vc-text thegem-custom-69e320a229e584966\"  >\r\n\t\t\t<div class=\"wpb_wrapper\">\r\n\t\t\t\t<h2 style=\"text-align: center;\"><span style=\"color: #ffffff;\">NOS ENCANTA LO QUE HACEMOS<\/span><\/h2>\n\r\n\t\t\t<\/div>\r\n\t\t\t<style>@media screen and (max-width: 1023px) {.thegem-vc-text.thegem-custom-69e320a229e584966{display: block!important;}}@media screen and (max-width: 767px) {.thegem-vc-text.thegem-custom-69e320a229e584966{display: block!important;}}@media screen and (max-width: 1023px) {.thegem-vc-text.thegem-custom-69e320a229e584966{position: relative !important;}}@media screen and (max-width: 767px) {.thegem-vc-text.thegem-custom-69e320a229e584966{position: relative !important;}}<\/style>\r\n\t\t<\/div>\r\n\t\r\n<div class=\"vc_empty_space\"   style=\"height: 20px\"><span class=\"vc_empty_space_inner\"><\/span><\/div>\r\n\t\r\n\t<div  class=\"wpb_single_image wpb_content_element vc_align_center\" >\r\n\t\t\r\n\t\t<figure class=\"wpb_wrapper vc_figure\">\r\n\t\t\t<a href=\"https:\/\/lta.com.mx\/contact-us-01\/\" target=\"_self\" class=\"vc_single_image-wrapper vc_box_shadow_border_circle  vc_box_border_grey\"><img width=\"139\" height=\"139\" src=\"https:\/\/lta.com.mx\/wp-content\/uploads\/2020\/07\/circulo_uno.png\" class=\"vc_single_image-img attachment-thumbnail\" alt=\"\" title=\"circulo_uno\" \/><\/a>\r\n\t\t<\/figure>\r\n\t<\/div>\r\n\t\r\n<div class=\"vc_empty_space\"   style=\"height: 230px\"><span class=\"vc_empty_space_inner\"><\/span><\/div><\/div><\/div><\/div><\/div><\/div><\/div><div id=\"vc_row-69e320a22a3b7\" class=\"vc_row wpb_row vc_row-fluid thegem-custom-69e320a22a3ae8604\"><div class=\"wpb_column vc_column_container vc_col-sm-12 thegem-custom-69e320a22a50d7261\" ><div class=\"vc_column-inner thegem-custom-inner-69e320a22a50f \"><div class=\"wpb_wrapper thegem-custom-69e320a22a50d7261\"><\/div><\/div><\/div><\/div>\n<\/div>","protected":false},"excerpt":{"rendered":"","protected":false},"author":1,"featured_media":0,"parent":0,"menu_order":0,"comment_status":"closed","ping_status":"closed","template":"","meta":{"footnotes":""},"class_list":["post-6981","page","type-page","status-publish"],"_links":{"self":[{"href":"https:\/\/lta.com.mx\/index.php?rest_route=\/wp\/v2\/pages\/6981","targetHints":{"allow":["GET"]}}],"collection":[{"href":"https:\/\/lta.com.mx\/index.php?rest_route=\/wp\/v2\/pages"}],"about":[{"href":"https:\/\/lta.com.mx\/index.php?rest_route=\/wp\/v2\/types\/page"}],"author":[{"embeddable":true,"href":"https:\/\/lta.com.mx\/index.php?rest_route=\/wp\/v2\/users\/1"}],"replies":[{"embeddable":true,"href":"https:\/\/lta.com.mx\/index.php?rest_route=%2Fwp%2Fv2%2Fcomments&post=6981"}],"version-history":[{"count":68,"href":"https:\/\/lta.com.mx\/index.php?rest_route=\/wp\/v2\/pages\/6981\/revisions"}],"predecessor-version":[{"id":25845,"href":"https:\/\/lta.com.mx\/index.php?rest_route=\/wp\/v2\/pages\/6981\/revisions\/25845"}],"wp:attachment":[{"href":"https:\/\/lta.com.mx\/index.php?rest_route=%2Fwp%2Fv2%2Fmedia&parent=6981"}],"curies":[{"name":"wp","href":"https:\/\/api.w.org\/{rel}","templated":true}]}}