{"id":25083,"date":"2019-08-09T21:25:02","date_gmt":"2019-08-09T21:25:02","guid":{"rendered":"https:\/\/lta.com.mx\/?page_id=25083"},"modified":"2020-08-26T19:38:51","modified_gmt":"2020-08-26T19:38:51","slug":"smart-factory","status":"publish","type":"page","link":"https:\/\/lta.com.mx\/?page_id=25083","title":{"rendered":"Smart Factory"},"content":{"rendered":"<div class=\"wpb-content-wrapper\"><div class=\"vc_row-full-width-before\"><\/div><div id=\"vc_row-69e322623aae3\" data-vc-full-width=\"true\" data-vc-full-width-init=\"false\" data-vc-stretch-content=\"true\" class=\"vc_row wpb_row vc_row-fluid vc_custom_1590592405607 thegem-custom-69e322623aac83020 vc_row-has-fill vc_row-no-padding vc_row-o-full-height vc_row-o-columns-middle vc_row-o-content-top vc_row-flex\"><script type=\"text\/javascript\">fullHeightRow();<\/script><script type=\"text\/javascript\">if (typeof(gem_fix_fullwidth_position) == \"function\") { gem_fix_fullwidth_position(document.getElementById(\"vc_row-69e322623aae3\")); }<\/script><div class=\"content-column wpb_column vc_column_container vc_col-sm-12 vc_col-lg-offset-2 vc_col-lg-8 thegem-custom-69e322623ad528092\" ><div class=\"vc_column-inner thegem-custom-inner-69e322623ad54 \"><div class=\"wpb_wrapper thegem-custom-69e322623ad528092\"><div class=\"gem-textbox  centered-box\"  ><div class=\"gem-textbox-inner\" style=\"\"><div class=\"gem-textbox-content\" style=\"background-position: center top;padding-top: 100px;padding-bottom: 100px;padding-left: 0px;padding-right: 0px;\">\n\t<div class=\"wpb_raw_code wpb_raw_html wpb_content_element\" >\n\t\t<div class=\"wpb_wrapper\">\n\t\t\t\n\t\t<\/div>\n\t<\/div>\n\r\n\t\r\n\t\t<div class=\"wpb_text_column wpb_content_element  thegem-vc-text thegem-custom-69e322623b1087392\"  >\r\n\t\t\t<div class=\"wpb_wrapper\">\r\n\t\t\t\t<h1><span style=\"color: #ffffff;\"><strong>SMART\u00a0FACTORY<\/strong>\u00a0<span class=\"light\">(F\u00c1BRICA 4.0)<\/span><\/span><\/h1>\n\r\n\t\t\t<\/div>\r\n\t\t\t<style>@media screen and (max-width: 1023px) {.thegem-vc-text.thegem-custom-69e322623b1087392{display: block!important;}}@media screen and (max-width: 767px) {.thegem-vc-text.thegem-custom-69e322623b1087392{display: block!important;}}@media screen and (max-width: 1023px) {.thegem-vc-text.thegem-custom-69e322623b1087392{position: relative !important;}}@media screen and (max-width: 767px) {.thegem-vc-text.thegem-custom-69e322623b1087392{position: relative !important;}}<\/style>\r\n\t\t<\/div>\r\n\t\r\n<\/div><\/div><\/div><\/div><\/div><\/div><div class=\"animation-column wpb_column vc_column_container vc_col-sm-12 thegem-custom-69e322623b27f8881\" ><div class=\"vc_column-inner thegem-custom-inner-69e322623b281 vc_custom_1458978047392\"><div class=\"wpb_wrapper thegem-custom-69e322623b27f8881\">\n\t<div class=\"wpb_raw_code wpb_raw_html wpb_content_element vc_custom_1566941505775\" >\n\t\t<div class=\"wpb_wrapper\">\n\t\t\t<div class=\"animation-wrapper\">\n    <canvas id=\"animation-visual-canvas\"><\/canvas>\n<\/div>\n    \n<style>\n.animation-wrapper {\nwidth: 100%;\nheight: 600px;\nposition: absolute;\ntop: 0;\nleft: 0;\noverflow: hidden;\nz-index: 1;\n}\n.animation-wrapper canvas {\nwidth: 100%;\nheight: 100%;\nposition: absolute;\nleft: 0;\ntop: 0;\nopacity: 1;\nz-index: 1;\n}\n<\/style>\n\n    <script type=\"text\/javascript\" src=\" http:\/\/codex-themes.com\/thegem\/wp-content\/plugins\/thegem-custom-options\/js\/TweenLite.min.js\"><\/script>\n    <script type=\"text\/javascript\" src=\"http:\/\/codex-themes.com\/thegem\/wp-content\/plugins\/thegem-custom-options\/js\/EasePack.min.js\"><\/script>\n\n<script type=\"text\/javascript\">\n    (function() {\n        var lastTime = 0;\n        var vendors = ['ms', 'moz', 'webkit', 'o'];\n        for (var x = 0; x < vendors.length && !window.requestAnimationFrame; ++x) {\n            window.requestAnimationFrame = window[vendors[x]+'RequestAnimationFrame'];\n            window.cancelAnimationFrame = window[vendors[x]+'CancelAnimationFrame'] || window[vendors[x]+'CancelRequestAnimationFrame'];\n        }\n\n        if (!window.requestAnimationFrame)\n            window.requestAnimationFrame = function(callback, element) {\n                var currTime = new Date().getTime();\n                var timeToCall = Math.max(0, 16 - (currTime - lastTime));\n                var id = window.setTimeout(function() { callback(currTime + timeToCall); },\n                    timeToCall);\n                    lastTime = currTime + timeToCall;\n                return id;\n            };\n\n            if (!window.cancelAnimationFrame)\n                window.cancelAnimationFrame = function(id) {\n                    clearTimeout(id);\n                };\n    }());\n\n    (function() {\n        var canvas,\n            contentWidth,\n            contentHeight,\n            ctx,\n            points = [],\n            target;\n\n        function initVisualAnimation() {\n            canvas = document.getElementById(\"animation-visual-canvas\");\n\n            resize();\n\n            ctx = canvas.getContext('2d');\n\n            target = {\n                x: contentWidth \/ 2,\n                y: contentHeight \/ 2\n            };\n\n            \/\/ create points\n            for (var x = 0; x < contentWidth; x = x + contentWidth \/ 20) {\n                for (var y = 0; y < contentHeight; y = y + contentHeight \/ 20) {\n                    var px = x + Math.random() * contentWidth \/ 20;\n                    var py = y + Math.random() * contentHeight \/ 20;\n                    points.push({\n                        x: px,\n                        originX: px,\n                        y: py,\n                        originY: py\n                    });\n                }\n            }\n\n            \/\/ for each point find the 5 closest points\n            for (var i = 0; i < points.length; i++) {\n                var closest = [];\n                var p1 = points[i];\n                for (var j = 0; j < points.length; j++) {\n                    var p2 = points[j];\n                    if (p1 != p2) {\n                        var placed = false;\n                        for (var k = 0; k < 5; k++) {\n                            if (!placed) {\n                                if (closest[k] == undefined) {\n                                    closest[k] = p2;\n                                    placed = true;\n                                }\n                            }\n                        }\n\n                        for (var k = 0; k < 5; k++) {\n                            if (!placed) {\n                                if (getDistance(p1, p2) < getDistance(p1, closest[k])) {\n                                    closest[k] = p2;\n                                    placed = true;\n                                }\n                            }\n                        }\n                    }\n                }\n                p1.closest = closest;\n            }\n\n            \/\/ assign a circle to each point\n            for (var i in points) {\n                points[i].circle = new Circle(points[i], 2 + Math.random() * 2, 'rgba(255, 255, 255, 0.3)');\n            }\n\n            addListeners();\n\n            animate();\n            for (var i in points) {\n                shiftPoint(points[i]);\n            }\n        }\n\n        function addListeners() {\n            if( !('ontouchstart' in window)) {\n                window.addEventListener('mousemove', mouseMove);\n            }\n\n            window.addEventListener('resize', resize);\n        }\n\n        function mouseMove(e) {\n            var posx = posy = 0;\n            var offset_top = getElementPosition(canvas).top;\n\n            if (e.pageX || e.pageY) {\n                posx = e.pageX;\n                posy = e.pageY;\n            } else if (e.clientX || e.clientY)    {\n                posx = e.clientX + document.body.scrollLeft + document.documentElement.scrollLeft;\n                posy = e.clientY + document.body.scrollTop + document.documentElement.scrollTop;\n            }\n\n            target.x = posx;\n            target.y = posy - offset_top;\n        }\n\n        function getElementPosition(elem) {\n            var w = elem.offsetWidth,\n                h = elem.offsetHeight,\n                l = 0,\n                t = 0;\n\n            while (elem) {\n                l += elem.offsetLeft;\n                t += elem.offsetTop;\n                elem = elem.offsetParent;\n            }\n\n            return {\n                left: l,\n                top: t,\n                width: w,\n                height: h\n            };\n        }\n\n        function resize() {\n            \/\/ parent node size\n            contentWidth = canvas.parentNode.offsetWidth;\n            contentHeight = canvas.parentNode.offsetHeight;\n\n            \/\/ set canvas size equal size of parent node\n            canvas.width = contentWidth;\n            canvas.height = contentHeight;\n        }\n\n        function getDistance(p1, p2) {\n            return Math.pow(p1.x - p2.x, 2) + Math.pow(p1.y - p2.y, 2);\n        }\n\n        function Circle(pos, rad, color) {\n            var _this = this;\n\n            (function() {\n                _this.pos = pos || null;\n                _this.radius = rad || null;\n                _this.color = color || null;\n            })();\n\n            this.draw = function() {\n                if (!_this.active) return;\n                ctx.beginPath();\n                ctx.arc(_this.pos.x, _this.pos.y, _this.radius, 0, 2 * Math.PI, false);\n                ctx.fillStyle = 'rgba(255, 255, 255, ' + _this.active + ')';\n                ctx.fill();\n            };\n        }\n\n        function animate() {\n            ctx.clearRect(0, 0, contentWidth, contentHeight);\n\n            for (var i in points) {\n                \/\/ detect points in range\n                if (Math.abs(getDistance(target, points[i])) < 4000) {\n                    points[i].active = 0.3;\n                    points[i].circle.active = 0.6;\n                } else if (Math.abs(getDistance(target, points[i])) < 20000) {\n                    points[i].active = 0.1;\n                    points[i].circle.active = 0.3;\n                } else if (Math.abs(getDistance(target, points[i])) < 40000) {\n                    points[i].active = 0.02;\n                    points[i].circle.active = 0.1;\n                } else {\n                    points[i].active = 0;\n                    points[i].circle.active = 0;\n                }\n\n                drawLines(points[i]);\n                points[i].circle.draw();\n            }\n\n            requestAnimationFrame(animate);\n        }\n\n        function drawLines(p) {\n            if (!p.active) {\n                return;\n            }\n\n            for (var i in p.closest) {\n                ctx.beginPath();\n                ctx.moveTo(p.x, p.y);\n                ctx.lineTo(p.closest[i].x, p.closest[i].y);\n                ctx.strokeStyle = 'rgba(255, 255, 255, ' + p.active + ')';\n                ctx.stroke();\n            }\n        }\n\n        function shiftPoint(p) {\n            TweenLite.to(\n                p,\n                1 + 1 * Math.random(),\n                {\n                    x: p.originX - 50 + Math.random() * 100,\n                    y: p.originY - 50 + Math.random() * 100,\n                    ease:Circ.easeInOut,\n                    onComplete: function() {\n                        shiftPoint(p);\n                    }\n                }\n            );\n        }\n\n        window.onload = initVisualAnimation;\n    })();\n<\/script>\n\t\t<\/div>\n\t<\/div>\n<\/div><\/div><\/div><\/div><div class=\"vc_row-full-width vc_clearfix\"><\/div><div id=\"vc_row-69e322623b6b2\" class=\"vc_row wpb_row vc_row-fluid thegem-custom-69e322623b6a87601\"><div class=\"wpb_column vc_column_container vc_col-sm-12 thegem-custom-69e322623b8243123\" ><div class=\"vc_column-inner thegem-custom-inner-69e322623b826 \"><div class=\"wpb_wrapper thegem-custom-69e322623b8243123\"><div class=\"vc_empty_space\"   style=\"height: 32px\"><span class=\"vc_empty_space_inner\"><\/span><\/div>\r\n\t\r\n\t\t<div class=\"wpb_text_column wpb_content_element  thegem-vc-text thegem-custom-69e322623ba084887\"  >\r\n\t\t\t<div class=\"wpb_wrapper\">\r\n\t\t\t\t<div class=\"styled-subtitle\" style=\"text-align: center;\"><span style=\"color: #000000;\">El concepto de Smart Factory hace la referencia a una f\u00e1brica del futuro, capaz de optimizar sus recursos, tanto desde una perspectiva de materiales como de activos de cualquier tipo y evolucionar hacia una f\u00e1brica m\u00e1s sostenible e inteligente. <\/span><span style=\"color: #000000;\">En LTA ofrecemos sistemas integrales digitales con un alto dise\u00f1o inteligente orientados al control de procesos productivos bajo el principio de industria 4.0.<\/span><\/div>\n\r\n\t\t\t<\/div>\r\n\t\t\t<style>@media screen and (max-width: 1023px) {.thegem-vc-text.thegem-custom-69e322623ba084887{display: block!important;}}@media screen and (max-width: 767px) {.thegem-vc-text.thegem-custom-69e322623ba084887{display: block!important;}}@media screen and (max-width: 1023px) {.thegem-vc-text.thegem-custom-69e322623ba084887{position: relative !important;}}@media screen and (max-width: 767px) {.thegem-vc-text.thegem-custom-69e322623ba084887{position: relative !important;}}<\/style>\r\n\t\t<\/div>\r\n\t\r\n<\/div><\/div><\/div><\/div><div id=\"vc_row-69e322623bb57\" class=\"vc_row wpb_row vc_row-fluid thegem-custom-69e322623bb508892\"><div class=\"wpb_column vc_column_container vc_col-sm-6 vc_col-lg-4 vc_col-md-4 vc_col-xs-12 thegem-custom-69e322623bce8103\" ><div class=\"vc_column-inner thegem-custom-inner-69e322623bceb \"><div class=\"wpb_wrapper thegem-custom-69e322623bce8103\"><div class=\"lazy-loading\" data-ll-item-delay=\"0\"><div class=\"gem-textbox  lazy-loading-item centered-box\"  data-ll-effect=\"move-up\" ><div class=\"gem-textbox-picture centered-box\"><img src=\"https:\/\/lta.com.mx\/wp-content\/uploads\/2020\/05\/01-SmartFactory-Wise.jpg\" alt=\"\" class=\"img-responsive\" \/><\/div><div class=\"gem-textbox-inner gem-textbox-after-image\" style=\"\"><div class=\"gem-textbox-content\" style=\"background-color: #b8220e;background-position: center top;\">\r\n\t\r\n\t\t<div class=\"wpb_text_column wpb_content_element  thegem-vc-text thegem-custom-69e322623c0f85472\"  >\r\n\t\t\t<div class=\"wpb_wrapper\">\r\n\t\t\t\t<h5><span style=\"color: #ffb91e;\"><strong>WISE<\/strong><\/span><\/h5>\n\r\n\t\t\t<\/div>\r\n\t\t\t<style>@media screen and (max-width: 1023px) {.thegem-vc-text.thegem-custom-69e322623c0f85472{display: block!important;}}@media screen and (max-width: 767px) {.thegem-vc-text.thegem-custom-69e322623c0f85472{display: block!important;}}@media screen and (max-width: 1023px) {.thegem-vc-text.thegem-custom-69e322623c0f85472{position: relative !important;}}@media screen and (max-width: 767px) {.thegem-vc-text.thegem-custom-69e322623c0f85472{position: relative !important;}}<\/style>\r\n\t\t<\/div>\r\n\t\r\n<div class=\"clearboth\"><\/div><style>#thegem-divider-69e322623c165 {margin-top: 20px !important;}<\/style><div id=\"thegem-divider-69e322623c165\" class=\"gem-divider  \" style=\"\" ><\/div>\r\n\t\r\n\t\t<div class=\"wpb_text_column wpb_content_element  vc_custom_1590596585397 thegem-vc-text thegem-custom-69e322623c1d66877\"  >\r\n\t\t\t<div class=\"wpb_wrapper\">\r\n\t\t\t\t<p><span style=\"color: #ffffff;\">Plataforma que logra el monitoreo continuo de cada estaci\u00f3n de soldadura, vigilando todos los par\u00e1metros del sistema, los errores de soldadura y las corrientes aplicadas.<\/span><\/p>\n\r\n\t\t\t<\/div>\r\n\t\t\t<style>@media screen and (max-width: 1023px) {.thegem-vc-text.thegem-custom-69e322623c1d66877{display: block!important;}}@media screen and (max-width: 767px) {.thegem-vc-text.thegem-custom-69e322623c1d66877{display: block!important;}}@media screen and (max-width: 1023px) {.thegem-vc-text.thegem-custom-69e322623c1d66877{position: relative !important;}}@media screen and (max-width: 767px) {.thegem-vc-text.thegem-custom-69e322623c1d66877{position: relative !important;}}<\/style>\r\n\t\t<\/div>\r\n\t\r\n<div class=\"clearboth\"><\/div><style>#thegem-divider-69e322623c22a {margin-top: -10px !important;}<\/style><div id=\"thegem-divider-69e322623c22a\" class=\"gem-divider  \" style=\"\" ><\/div><style type=\"text\/css\">.thegem-button-69e322623c3103333 .gem-button svg {fill: #ffffff;}.thegem-button-69e322623c3103333 .gem-button:hover svg {fill: #ffffff;}<\/style><div class=\"gem-button-container gem-button-position-center thegem-button-69e322623c3103333    \"  ><a class=\"gem-button gem-button-size-tiny gem-button-style-outline gem-button-text-weight-normal gem-button-border-2\" data-ll-effect=\"drop-right-without-wrap\" style=\"border-radius: 3px;border-color: #ffffff;color: #ffffff;\" onmouseleave=\"this.style.borderColor='#ffffff';this.style.backgroundColor='transparent';this.style.color='#ffffff';\" onmouseenter=\"this.style.borderColor='#ffffff';this.style.backgroundColor='#2e2f30';this.style.color='#ffffff';\" href=\"https:\/\/31z.ec8.myftpupload.com\/pages\/services-quickfinders\/wise\/\" target=\"_self\">LEER MAS<\/a><\/div> <\/div><\/div><\/div><\/div><\/div><\/div><\/div><div class=\"wpb_column vc_column_container vc_col-sm-6 vc_col-lg-4 vc_col-md-4 vc_col-xs-12 thegem-custom-69e322623c44d1815\" ><div class=\"vc_column-inner thegem-custom-inner-69e322623c44f \"><div class=\"wpb_wrapper thegem-custom-69e322623c44d1815\"><div class=\"lazy-loading\" data-ll-item-delay=\"0\"><div class=\"gem-textbox  lazy-loading-item centered-box\"  data-ll-effect=\"move-up\" ><div class=\"gem-textbox-picture centered-box\"><img src=\"https:\/\/lta.com.mx\/wp-content\/uploads\/2020\/05\/02-Smart-Factory-Vangart.jpg\" alt=\"\" class=\"img-responsive\" \/><\/div><div class=\"gem-textbox-inner gem-textbox-after-image\" style=\"\"><div class=\"gem-textbox-content\" style=\"background-color: #b8220e;background-position: center top;\">\r\n\t\r\n\t\t<div class=\"wpb_text_column wpb_content_element  thegem-vc-text thegem-custom-69e322623c6cb5003\"  >\r\n\t\t\t<div class=\"wpb_wrapper\">\r\n\t\t\t\t<h5><span style=\"color: #ffb91e;\"><strong>VANGARD<\/strong><\/span><\/h5>\n\r\n\t\t\t<\/div>\r\n\t\t\t<style>@media screen and (max-width: 1023px) {.thegem-vc-text.thegem-custom-69e322623c6cb5003{display: block!important;}}@media screen and (max-width: 767px) {.thegem-vc-text.thegem-custom-69e322623c6cb5003{display: block!important;}}@media screen and (max-width: 1023px) {.thegem-vc-text.thegem-custom-69e322623c6cb5003{position: relative !important;}}@media screen and (max-width: 767px) {.thegem-vc-text.thegem-custom-69e322623c6cb5003{position: relative !important;}}<\/style>\r\n\t\t<\/div>\r\n\t\r\n<div class=\"clearboth\"><\/div><style>#thegem-divider-69e322623c73f {margin-top: 20px !important;}<\/style><div id=\"thegem-divider-69e322623c73f\" class=\"gem-divider  \" style=\"\" ><\/div>\r\n\t\r\n\t\t<div class=\"wpb_text_column wpb_content_element  vc_custom_1590596308023 thegem-vc-text thegem-custom-69e322623c79a3978\"  >\r\n\t\t\t<div class=\"wpb_wrapper\">\r\n\t\t\t\t<p><span style=\"color: #ffffff;\">Plataforma modular que permite monitorear de forma remota y en tiempo real las l\u00edneas productivas, adem\u00e1s de los par\u00e1metros de proceso que intervienen en el producto final.<\/span><\/p>\n\r\n\t\t\t<\/div>\r\n\t\t\t<style>@media screen and (max-width: 1023px) {.thegem-vc-text.thegem-custom-69e322623c79a3978{display: block!important;}}@media screen and (max-width: 767px) {.thegem-vc-text.thegem-custom-69e322623c79a3978{display: block!important;}}@media screen and (max-width: 1023px) {.thegem-vc-text.thegem-custom-69e322623c79a3978{position: relative !important;}}@media screen and (max-width: 767px) {.thegem-vc-text.thegem-custom-69e322623c79a3978{position: relative !important;}}<\/style>\r\n\t\t<\/div>\r\n\t\r\n<div class=\"clearboth\"><\/div><style>#thegem-divider-69e322623c7ef {margin-top: -10px !important;}<\/style><div id=\"thegem-divider-69e322623c7ef\" class=\"gem-divider  \" style=\"\" ><\/div><style type=\"text\/css\">.thegem-button-69e322623c8681375 .gem-button svg {fill: #ffffff;}.thegem-button-69e322623c8681375 .gem-button:hover svg {fill: #ffffff;}<\/style><div class=\"gem-button-container gem-button-position-center thegem-button-69e322623c8681375    \"  ><a class=\"gem-button gem-button-size-tiny gem-button-style-outline gem-button-text-weight-normal gem-button-border-2\" data-ll-effect=\"drop-right-without-wrap\" style=\"border-radius: 3px;border-color: #ffffff;color: #ffffff;\" onmouseleave=\"this.style.borderColor='#ffffff';this.style.backgroundColor='transparent';this.style.color='#ffffff';\" onmouseenter=\"this.style.borderColor='#ffffff';this.style.backgroundColor='#2e2f30';this.style.color='#ffffff';\" href=\"https:\/\/31z.ec8.myftpupload.com\/pages\/services-quickfinders\/vangard\/\" target=\"_self\">LEER MAS<\/a><\/div> <\/div><\/div><\/div><\/div><\/div><\/div><\/div><div class=\"wpb_column vc_column_container vc_col-sm-12 vc_col-lg-4 vc_col-md-4 vc_col-xs-12 thegem-custom-69e322623c94a5282\" ><div class=\"vc_column-inner thegem-custom-inner-69e322623c94b \"><div class=\"wpb_wrapper thegem-custom-69e322623c94a5282\"><div class=\"lazy-loading\" data-ll-item-delay=\"0\"><div class=\"gem-textbox  lazy-loading-item centered-box\"  data-ll-effect=\"move-up\" ><div class=\"gem-textbox-picture centered-box\"><img src=\"https:\/\/lta.com.mx\/wp-content\/uploads\/2020\/05\/03-Smartfactory-Vangart-Press.jpg\" alt=\"\" class=\"img-responsive\" \/><\/div><div class=\"gem-textbox-inner gem-textbox-after-image\" style=\"\"><div class=\"gem-textbox-content\" style=\"background-color: #b8220e;background-position: center top;\">\r\n\t\r\n\t\t<div class=\"wpb_text_column wpb_content_element  thegem-vc-text thegem-custom-69e322623cbf89461\"  >\r\n\t\t\t<div class=\"wpb_wrapper\">\r\n\t\t\t\t<h5><span style=\"color: #ffb91e;\"><strong>VARGARD PRESS<\/strong><\/span><\/h5>\n\r\n\t\t\t<\/div>\r\n\t\t\t<style>@media screen and (max-width: 1023px) {.thegem-vc-text.thegem-custom-69e322623cbf89461{display: block!important;}}@media screen and (max-width: 767px) {.thegem-vc-text.thegem-custom-69e322623cbf89461{display: block!important;}}@media screen and (max-width: 1023px) {.thegem-vc-text.thegem-custom-69e322623cbf89461{position: relative !important;}}@media screen and (max-width: 767px) {.thegem-vc-text.thegem-custom-69e322623cbf89461{position: relative !important;}}<\/style>\r\n\t\t<\/div>\r\n\t\r\n<div class=\"clearboth\"><\/div><style>#thegem-divider-69e322623cc61 {margin-top: 20px !important;}<\/style><div id=\"thegem-divider-69e322623cc61\" class=\"gem-divider  \" style=\"\" ><\/div>\r\n\t\r\n\t\t<div class=\"wpb_text_column wpb_content_element  vc_custom_1590596517486 thegem-vc-text thegem-custom-69e322623cca95925\"  >\r\n\t\t\t<div class=\"wpb_wrapper\">\r\n\t\t\t\t<p><span style=\"color: #ffffff;\">El sistema integrado de accesos a prensas permite establecer un control total de los sistemas a donde se conecte, permitiendo mantener los par\u00e1metros y configuraciones en orden.<\/span><\/p>\n\r\n\t\t\t<\/div>\r\n\t\t\t<style>@media screen and (max-width: 1023px) {.thegem-vc-text.thegem-custom-69e322623cca95925{display: block!important;}}@media screen and (max-width: 767px) {.thegem-vc-text.thegem-custom-69e322623cca95925{display: block!important;}}@media screen and (max-width: 1023px) {.thegem-vc-text.thegem-custom-69e322623cca95925{position: relative !important;}}@media screen and (max-width: 767px) {.thegem-vc-text.thegem-custom-69e322623cca95925{position: relative !important;}}<\/style>\r\n\t\t<\/div>\r\n\t\r\n<div class=\"clearboth\"><\/div><style>#thegem-divider-69e322623ccf7 {margin-top: -10px !important;}<\/style><div id=\"thegem-divider-69e322623ccf7\" class=\"gem-divider  \" style=\"\" ><\/div><style type=\"text\/css\">.thegem-button-69e322623cd658879 .gem-button svg {fill: #ffffff;}.thegem-button-69e322623cd658879 .gem-button:hover svg {fill: #ffffff;}<\/style><div class=\"gem-button-container gem-button-position-center thegem-button-69e322623cd658879    \"  ><a class=\"gem-button gem-button-size-tiny gem-button-style-outline gem-button-text-weight-normal gem-button-border-2\" data-ll-effect=\"drop-right-without-wrap\" style=\"border-radius: 3px;border-color: #ffffff;color: #ffffff;\" onmouseleave=\"this.style.borderColor='#ffffff';this.style.backgroundColor='transparent';this.style.color='#ffffff';\" onmouseenter=\"this.style.borderColor='#ffffff';this.style.backgroundColor='#2e2f30';this.style.color='#ffffff';\" href=\"https:\/\/31z.ec8.myftpupload.com\/pages\/services-quickfinders\/vargard-press\/\" target=\"_self\">LEER MAS<\/a><\/div> <\/div><\/div><\/div><\/div><\/div><\/div><\/div><\/div><div id=\"vc_row-69e322623ced2\" class=\"vc_row wpb_row vc_row-fluid thegem-custom-69e322623cecb7855\"><div class=\"wpb_column vc_column_container vc_col-sm-12 thegem-custom-69e322623cfb68348\" ><div class=\"vc_column-inner thegem-custom-inner-69e322623cfb7 \"><div class=\"wpb_wrapper thegem-custom-69e322623cfb68348\"><div class=\"clearboth\"><\/div><style>#thegem-divider-69e322623d027 {margin-top: 20px !important;}<\/style><div id=\"thegem-divider-69e322623d027\" class=\"gem-divider  \" style=\"\" ><\/div><\/div><\/div><\/div><\/div>\n<\/div>","protected":false},"excerpt":{"rendered":"","protected":false},"author":1,"featured_media":0,"parent":0,"menu_order":0,"comment_status":"closed","ping_status":"closed","template":"","meta":{"footnotes":""},"class_list":["post-25083","page","type-page","status-publish"],"_links":{"self":[{"href":"https:\/\/lta.com.mx\/index.php?rest_route=\/wp\/v2\/pages\/25083","targetHints":{"allow":["GET"]}}],"collection":[{"href":"https:\/\/lta.com.mx\/index.php?rest_route=\/wp\/v2\/pages"}],"about":[{"href":"https:\/\/lta.com.mx\/index.php?rest_route=\/wp\/v2\/types\/page"}],"author":[{"embeddable":true,"href":"https:\/\/lta.com.mx\/index.php?rest_route=\/wp\/v2\/users\/1"}],"replies":[{"embeddable":true,"href":"https:\/\/lta.com.mx\/index.php?rest_route=%2Fwp%2Fv2%2Fcomments&post=25083"}],"version-history":[{"count":70,"href":"https:\/\/lta.com.mx\/index.php?rest_route=\/wp\/v2\/pages\/25083\/revisions"}],"predecessor-version":[{"id":25507,"href":"https:\/\/lta.com.mx\/index.php?rest_route=\/wp\/v2\/pages\/25083\/revisions\/25507"}],"wp:attachment":[{"href":"https:\/\/lta.com.mx\/index.php?rest_route=%2Fwp%2Fv2%2Fmedia&parent=25083"}],"curies":[{"name":"wp","href":"https:\/\/api.w.org\/{rel}","templated":true}]}}